{"id":49,"date":"2025-07-21T14:38:10","date_gmt":"2025-07-21T14:38:10","guid":{"rendered":"https:\/\/iso100-photo.eu\/?page_id=49"},"modified":"2025-09-26T13:51:37","modified_gmt":"2025-09-26T13:51:37","slug":"work","status":"publish","type":"page","link":"https:\/\/iso100-photo.eu\/sv\/work\/","title":{"rendered":"portfolio"},"content":{"rendered":"<div class=\"wp-block-group alignwide has-global-padding is-layout-constrained wp-container-core-group-is-layout-e5b307ec wp-block-group-is-layout-constrained\" style=\"margin-top:var(--wp--preset--spacing--30);margin-bottom:var(--wp--preset--spacing--30);padding-right:var(--wp--preset--spacing--20);padding-left:var(--wp--preset--spacing--20)\">\n<h2 class=\"wp-block-heading alignwide has-text-align-center has-medium-font-size\">\u2014 portfolio \u2014<\/h2>\n\n\n\n<p class=\"has-text-align-center\"><\/p>\n\n\n\n<h3 class=\"wp-block-heading alignwide has-small-font-size\" style=\"margin-top:var(--wp--preset--spacing--40);margin-right:0;margin-bottom:var(--wp--preset--spacing--40);margin-left:0;padding-top:0;padding-right:0px;padding-bottom:0;padding-left:0px\">Fotografi \u00e4r f\u00f6r mig ett s\u00e4tt att uppt\u00e4cka \u2013 ett s\u00e4tt att utforska den synliga v\u00e4rlden och samtidigt ana det osynliga. Den h\u00e4r gallerin samlar verk som r\u00f6r sig mellan f\u00f6rest\u00e4llande och abstrakt, mellan dokumentarisk tydlighet och konstn\u00e4rlig tolkning.\nBilderna \u00e4r indelade i tematiska avsnitt, som var och en \u00f6ppnar upp f\u00f6r egna perspektiv. Varje tema uppmuntrar till att stanna upp och titta lite noggrannare. Galleriet \u00e4r en inbjudan till en visuell dialog \u2013 med naturen, med omgivningen och kanske ocks\u00e5 med sig sj\u00e4lv.<\/h3>\n<\/div>\n\n\n\n<div class=\"wp-block-group is-layout-grid wp-container-core-group-is-layout-c7327923 wp-block-group-is-layout-grid\" style=\"margin-top:var(--wp--preset--spacing--60);margin-bottom:var(--wp--preset--spacing--60);padding-top:0;padding-right:0;padding-bottom:0;padding-left:0\">\n<div class=\"wp-block-group wp-container-content-6459b8ee is-vertical is-content-justification-center is-layout-flex wp-container-core-group-is-layout-ce155fab wp-block-group-is-layout-flex\">\n<figure class=\"wp-block-image size-large is-resized\"><img loading=\"lazy\" decoding=\"async\" width=\"1821\" height=\"1365\" src=\"https:\/\/iso100-photo.eu\/wp-content\/uploads\/2025\/09\/14-20250817-XT5S8071-edited.jpg\" alt=\"\" class=\"wp-image-1223\" style=\"box-shadow:var(--wp--preset--shadow--deep);width:326px;height:auto\" srcset=\"https:\/\/iso100-photo.eu\/wp-content\/uploads\/2025\/09\/14-20250817-XT5S8071-edited.jpg 1821w, https:\/\/iso100-photo.eu\/wp-content\/uploads\/2025\/09\/14-20250817-XT5S8071-edited-300x225.jpg 300w, https:\/\/iso100-photo.eu\/wp-content\/uploads\/2025\/09\/14-20250817-XT5S8071-edited-1024x768.jpg 1024w, https:\/\/iso100-photo.eu\/wp-content\/uploads\/2025\/09\/14-20250817-XT5S8071-edited-768x576.jpg 768w, https:\/\/iso100-photo.eu\/wp-content\/uploads\/2025\/09\/14-20250817-XT5S8071-edited-50x37.jpg 50w, https:\/\/iso100-photo.eu\/wp-content\/uploads\/2025\/09\/14-20250817-XT5S8071-edited-1600x1199.jpg 1600w, https:\/\/iso100-photo.eu\/wp-content\/uploads\/2025\/09\/14-20250817-XT5S8071-edited-1536x1151.jpg 1536w\" sizes=\"auto, (max-width: 1821px) 100vw, 1821px\" \/><\/figure>\n\n\n\n<h2 class=\"wp-block-heading has-text-align-center\" style=\"font-size:clamp(1.092rem, 1.092rem + ((1vw - 0.2rem) * 1.013), 1.7rem);\"><a href=\"https:\/\/iso100-photo.eu\/sv\/abstracts-in-nature\/\" data-type=\"page\" data-id=\"775\">abstrakt natur<\/a><\/h2>\n\n\n\n<h3 class=\"wp-block-heading has-text-align-center\" style=\"font-size:clamp(0.875rem, 0.875rem + ((1vw - 0.2rem) * 0.042), 0.9rem);\"><\/h3>\n<\/div>\n\n\n\n<div class=\"wp-block-group wp-container-content-6459b8ee is-vertical is-content-justification-center is-layout-flex wp-container-core-group-is-layout-ce155fab wp-block-group-is-layout-flex\">\n<figure class=\"wp-block-image size-large is-resized\"><img loading=\"lazy\" decoding=\"async\" width=\"1821\" height=\"1365\" src=\"https:\/\/iso100-photo.eu\/wp-content\/uploads\/2025\/09\/03-20250527-_7R45496-Bearbeitet-edited.jpg\" alt=\"\" class=\"wp-image-1293\" style=\"box-shadow:var(--wp--preset--shadow--deep);width:326px\" srcset=\"https:\/\/iso100-photo.eu\/wp-content\/uploads\/2025\/09\/03-20250527-_7R45496-Bearbeitet-edited.jpg 1821w, https:\/\/iso100-photo.eu\/wp-content\/uploads\/2025\/09\/03-20250527-_7R45496-Bearbeitet-edited-300x225.jpg 300w, https:\/\/iso100-photo.eu\/wp-content\/uploads\/2025\/09\/03-20250527-_7R45496-Bearbeitet-edited-1024x768.jpg 1024w, https:\/\/iso100-photo.eu\/wp-content\/uploads\/2025\/09\/03-20250527-_7R45496-Bearbeitet-edited-768x576.jpg 768w, https:\/\/iso100-photo.eu\/wp-content\/uploads\/2025\/09\/03-20250527-_7R45496-Bearbeitet-edited-50x37.jpg 50w, https:\/\/iso100-photo.eu\/wp-content\/uploads\/2025\/09\/03-20250527-_7R45496-Bearbeitet-edited-1600x1199.jpg 1600w, https:\/\/iso100-photo.eu\/wp-content\/uploads\/2025\/09\/03-20250527-_7R45496-Bearbeitet-edited-1536x1151.jpg 1536w\" sizes=\"auto, (max-width: 1821px) 100vw, 1821px\" \/><\/figure>\n\n\n\n<h2 class=\"wp-block-heading has-text-align-center\" style=\"font-size:clamp(1.092rem, 1.092rem + ((1vw - 0.2rem) * 1.013), 1.7rem);\"><a href=\"https:\/\/iso100-photo.eu\/sv\/abstracts-in-forms-and-lines\/\" data-type=\"page\" data-id=\"890\">abstrakta former och linjer<\/a><\/h2>\n\n\n\n<h3 class=\"wp-block-heading has-text-align-center\" style=\"font-size:clamp(0.875rem, 0.875rem + ((1vw - 0.2rem) * 0.042), 0.9rem);\"><\/h3>\n<\/div>\n\n\n\n<div class=\"wp-block-group wp-container-content-6459b8ee is-vertical is-content-justification-center is-layout-flex wp-container-core-group-is-layout-ce155fab wp-block-group-is-layout-flex\">\n<figure class=\"wp-block-image size-large is-resized\"><img loading=\"lazy\" decoding=\"async\" width=\"1821\" height=\"1365\" src=\"https:\/\/iso100-photo.eu\/wp-content\/uploads\/2025\/08\/Harald-Reif_4_3-edited.jpg\" alt=\"\" class=\"wp-image-898\" style=\"box-shadow:var(--wp--preset--shadow--deep);width:326px\" srcset=\"https:\/\/iso100-photo.eu\/wp-content\/uploads\/2025\/08\/Harald-Reif_4_3-edited.jpg 1821w, https:\/\/iso100-photo.eu\/wp-content\/uploads\/2025\/08\/Harald-Reif_4_3-edited-300x225.jpg 300w, https:\/\/iso100-photo.eu\/wp-content\/uploads\/2025\/08\/Harald-Reif_4_3-edited-1024x768.jpg 1024w, https:\/\/iso100-photo.eu\/wp-content\/uploads\/2025\/08\/Harald-Reif_4_3-edited-768x576.jpg 768w, https:\/\/iso100-photo.eu\/wp-content\/uploads\/2025\/08\/Harald-Reif_4_3-edited-50x37.jpg 50w, https:\/\/iso100-photo.eu\/wp-content\/uploads\/2025\/08\/Harald-Reif_4_3-edited-1600x1199.jpg 1600w, https:\/\/iso100-photo.eu\/wp-content\/uploads\/2025\/08\/Harald-Reif_4_3-edited-1536x1151.jpg 1536w, https:\/\/iso100-photo.eu\/wp-content\/uploads\/2025\/08\/Harald-Reif_4_3-edited-16x12.jpg 16w\" sizes=\"auto, (max-width: 1821px) 100vw, 1821px\" \/><\/figure>\n\n\n\n<h2 class=\"wp-block-heading has-text-align-center\" style=\"font-size:clamp(1.092rem, 1.092rem + ((1vw - 0.2rem) * 1.013), 1.7rem);\"><a href=\"https:\/\/iso100-photo.eu\/sv\/landscapes-in-black-white\/\" data-type=\"page\" data-id=\"895\">landskap i monokrom<\/a><\/h2>\n\n\n\n<h3 class=\"wp-block-heading has-text-align-center\" style=\"font-size:clamp(0.875rem, 0.875rem + ((1vw - 0.2rem) * 0.042), 0.9rem);\"><\/h3>\n<\/div>\n\n\n\n<div class=\"wp-block-group wp-container-content-6459b8ee is-vertical is-content-justification-center is-layout-flex wp-container-core-group-is-layout-ce155fab wp-block-group-is-layout-flex\">\n<figure class=\"wp-block-image size-large is-resized\"><img loading=\"lazy\" decoding=\"async\" width=\"1821\" height=\"1365\" src=\"https:\/\/iso100-photo.eu\/wp-content\/uploads\/2025\/08\/XT5S1206-RAF-edited.jpg\" alt=\"\" class=\"wp-image-905\" style=\"box-shadow:var(--wp--preset--shadow--deep);width:326px;height:auto\" srcset=\"https:\/\/iso100-photo.eu\/wp-content\/uploads\/2025\/08\/XT5S1206-RAF-edited.jpg 1821w, https:\/\/iso100-photo.eu\/wp-content\/uploads\/2025\/08\/XT5S1206-RAF-edited-300x225.jpg 300w, https:\/\/iso100-photo.eu\/wp-content\/uploads\/2025\/08\/XT5S1206-RAF-edited-1024x768.jpg 1024w, https:\/\/iso100-photo.eu\/wp-content\/uploads\/2025\/08\/XT5S1206-RAF-edited-768x576.jpg 768w, https:\/\/iso100-photo.eu\/wp-content\/uploads\/2025\/08\/XT5S1206-RAF-edited-50x37.jpg 50w, https:\/\/iso100-photo.eu\/wp-content\/uploads\/2025\/08\/XT5S1206-RAF-edited-1600x1199.jpg 1600w, https:\/\/iso100-photo.eu\/wp-content\/uploads\/2025\/08\/XT5S1206-RAF-edited-1536x1151.jpg 1536w, https:\/\/iso100-photo.eu\/wp-content\/uploads\/2025\/08\/XT5S1206-RAF-edited-16x12.jpg 16w\" sizes=\"auto, (max-width: 1821px) 100vw, 1821px\" \/><\/figure>\n\n\n\n<h2 class=\"wp-block-heading has-text-align-center\" style=\"font-size:clamp(1.092rem, 1.092rem + ((1vw - 0.2rem) * 1.013), 1.7rem);\"><a href=\"https:\/\/iso100-photo.eu\/sv\/landscapes-in-colour\/\" data-type=\"page\" data-id=\"901\">f\u00e4rg m\u00f6ter landskap<\/a><\/h2>\n\n\n\n<h3 class=\"wp-block-heading has-text-align-center\" style=\"font-size:clamp(0.875rem, 0.875rem + ((1vw - 0.2rem) * 0.042), 0.9rem);\"><\/h3>\n<\/div>\n<\/div>","protected":false},"excerpt":{"rendered":"<p>\u2014 work \u2014 Photography is to me a medium of discovery \u2013 a way to explore the visible world while sensing what lies beyond it. This gallery brings together works that move between realism and abstraction, between documentary clarity and artistic interpretation. The images are grouped into thematic sections, each offering its own perspective. Every [&hellip;]<\/p>\n","protected":false},"author":1,"featured_media":0,"parent":0,"menu_order":0,"comment_status":"closed","ping_status":"closed","template":"page-with-title","meta":{"_monsterinsights_skip_tracking":false,"_monsterinsights_sitenote_active":false,"_monsterinsights_sitenote_note":"","_monsterinsights_sitenote_category":0,"footnotes":""},"class_list":["post-49","page","type-page","status-publish","hentry"],"aioseo_notices":[],"_links":{"self":[{"href":"https:\/\/iso100-photo.eu\/sv\/wp-json\/wp\/v2\/pages\/49","targetHints":{"allow":["GET"]}}],"collection":[{"href":"https:\/\/iso100-photo.eu\/sv\/wp-json\/wp\/v2\/pages"}],"about":[{"href":"https:\/\/iso100-photo.eu\/sv\/wp-json\/wp\/v2\/types\/page"}],"author":[{"embeddable":true,"href":"https:\/\/iso100-photo.eu\/sv\/wp-json\/wp\/v2\/users\/1"}],"replies":[{"embeddable":true,"href":"https:\/\/iso100-photo.eu\/sv\/wp-json\/wp\/v2\/comments?post=49"}],"version-history":[{"count":52,"href":"https:\/\/iso100-photo.eu\/sv\/wp-json\/wp\/v2\/pages\/49\/revisions"}],"predecessor-version":[{"id":1332,"href":"https:\/\/iso100-photo.eu\/sv\/wp-json\/wp\/v2\/pages\/49\/revisions\/1332"}],"wp:attachment":[{"href":"https:\/\/iso100-photo.eu\/sv\/wp-json\/wp\/v2\/media?parent=49"}],"curies":[{"name":"wp","href":"https:\/\/api.w.org\/{rel}","templated":true}]}}