{"id":50,"date":"2025-07-21T16:27:00","date_gmt":"2025-07-21T16:27:00","guid":{"rendered":"https:\/\/iso100-photo.eu\/?page_id=50"},"modified":"2025-09-28T05:41:23","modified_gmt":"2025-09-28T05:41:23","slug":"about","status":"publish","type":"page","link":"https:\/\/iso100-photo.eu\/sv\/about\/","title":{"rendered":"om"},"content":{"rendered":"<div class=\"wp-block-group has-global-padding is-layout-constrained wp-block-group-is-layout-constrained\" style=\"margin-top:var(--wp--preset--spacing--30);margin-bottom:var(--wp--preset--spacing--30)\">\n<h2 class=\"wp-block-heading alignwide has-text-align-center has-medium-font-size\">\u2014 om \u2014<\/h2>\n<\/div>\n\n\n\n<div class=\"wp-block-media-text alignwide has-media-on-the-right is-stacked-on-mobile is-vertically-aligned-bottom\" style=\"border-style:none;border-width:0px;margin-top:var(--wp--preset--spacing--30);margin-bottom:var(--wp--preset--spacing--30);padding-right:0;padding-left:0;grid-template-columns:auto 22%\"><div class=\"wp-block-media-text__content\">\n<h2 class=\"wp-block-heading\" style=\"font-size:clamp(18.959px, 1.185rem + ((1vw - 3.2px) * 1.15), 30px);\">harald reif<\/h2>\n\n\n\n<p class=\"has-text-align-left has-small-font-size\"><em>\"Den allra viktigaste komponenten i en kamera \u00e4r de tolv tummen bakom den.\" (Ansel Adams)<\/em><\/p>\n\n\n\n<div style=\"height:17px\" aria-hidden=\"true\" class=\"wp-block-spacer\"><\/div>\n\n\n\n<p class=\"has-small-font-size\" style=\"border-style:none;border-width:0px\">Min passion f\u00f6r fotografi b\u00f6rjade under min ungdom, som jag tillbringade i \u00d6vre mellersta Rhendalen mellan R\u00fcdesheim och Koblenz i Tyskland. Denna kulturtillg\u00e5ng, numera ett UNESCO-v\u00e4rldsarv, med sitt distinkta landskap, otaliga borgar och slott samt blomstrande vinodlingar, var tillr\u00e4cklig inspiration f\u00f6r att jag regelbundet skulle ta fram min d\u00e5 \u00e4nnu analoga kamera.<\/p>\n\n\n\n<p class=\"has-small-font-size\">Sedan jag gick i pension har fotograferingen, vid sidan av musiken, \u00e5tertagit en stadig plats i min vardag. Jag fotograferar nu huvudsakligen digitalt, men \u00e5terv\u00e4nder \u00e4ven till det analoga formatet d\u00e5 och d\u00e5.<\/p>\n\n\n\n<p class=\"has-small-font-size\">F\u00f6rutom att fotografera landskap, natur och arkitektur i mitt nuvarande hemland Sverige, \u00e4gnar jag mig ocks\u00e5 \u00e5t gatufotografi och dokumentation av samh\u00e4llsf\u00f6r\u00e4ndringar. Jag anv\u00e4nder g\u00e4rna abstrakta och minimalistiska stilgrepp.<\/p>\n\n\n\n<p class=\"has-small-font-size\"><strong>Contact: <a href=\"mailto:harald.reif@iso100-photo.eu\"><mark style=\"background-color:rgba(0, 0, 0, 0);color:#00a8ff\" class=\"has-inline-color\">harald.reif@iso100-photo.eu<\/mark><\/a><\/strong><\/p>\n<\/div><figure class=\"wp-block-media-text__media\"><img loading=\"lazy\" decoding=\"async\" width=\"682\" height=\"1024\" src=\"https:\/\/iso100-photo.eu\/wp-content\/uploads\/2025\/07\/20230218-Portrait-Harald-008-682x1024.jpg\" alt=\"\" class=\"wp-image-517 size-full\" srcset=\"https:\/\/iso100-photo.eu\/wp-content\/uploads\/2025\/07\/20230218-Portrait-Harald-008-682x1024.jpg 682w, https:\/\/iso100-photo.eu\/wp-content\/uploads\/2025\/07\/20230218-Portrait-Harald-008-200x300.jpg 200w, https:\/\/iso100-photo.eu\/wp-content\/uploads\/2025\/07\/20230218-Portrait-Harald-008-768x1152.jpg 768w, https:\/\/iso100-photo.eu\/wp-content\/uploads\/2025\/07\/20230218-Portrait-Harald-008-50x75.jpg 50w, https:\/\/iso100-photo.eu\/wp-content\/uploads\/2025\/07\/20230218-Portrait-Harald-008-1600x2401.jpg 1600w, https:\/\/iso100-photo.eu\/wp-content\/uploads\/2025\/07\/20230218-Portrait-Harald-008-1024x1536.jpg 1024w, https:\/\/iso100-photo.eu\/wp-content\/uploads\/2025\/07\/20230218-Portrait-Harald-008-1365x2048.jpg 1365w, https:\/\/iso100-photo.eu\/wp-content\/uploads\/2025\/07\/20230218-Portrait-Harald-008-8x12.jpg 8w, https:\/\/iso100-photo.eu\/wp-content\/uploads\/2025\/07\/20230218-Portrait-Harald-008-scaled.jpg 1706w\" sizes=\"auto, (max-width: 682px) 100vw, 682px\" \/><\/figure><\/div>\n\n\n\n<div aria-hidden=\"true\" class=\"wp-block-fsb-flexible-spacer fsb-flexible-spacer\"><div class=\"fsb-flexible-spacer__device fsb-flexible-spacer__device--lg\" style=\"height:135px\"><\/div><div class=\"fsb-flexible-spacer__device fsb-flexible-spacer__device--md\" style=\"height:0px\"><\/div><div class=\"fsb-flexible-spacer__device fsb-flexible-spacer__device--sm\" style=\"height:0px\"><\/div><\/div>","protected":false},"excerpt":{"rendered":"<p>Growing up in the Upper Middle Rhine Valley between R\u00fcdesheim and Koblenz, a cultural landscape now a UNESCO World Heritage Site, with its distinctive river landscape, numerous castles and palaces, and vineyards, I was inspired as a young adult to regularly pick up my then-analog camera \u2013 a Kodak Retina, internships, and ultimately a Minolta \u2013 and always happily loaded with black-and-white film. After years of abstinence during my professional life, photography, alongside music, has regained a permanent place in my daily life since retiring, primarily digitally now \u2013 but occasionally in analogue. In addition to landscapes, nature, and concerts in my current home country of Sweden, I also engage in street photography and documenting social change.<\/p>","protected":false},"author":1,"featured_media":0,"parent":0,"menu_order":0,"comment_status":"closed","ping_status":"closed","template":"page-with-title","meta":{"_monsterinsights_skip_tracking":false,"_monsterinsights_sitenote_active":false,"_monsterinsights_sitenote_note":"","_monsterinsights_sitenote_category":0,"footnotes":""},"class_list":["post-50","page","type-page","status-publish","hentry"],"aioseo_notices":[],"_links":{"self":[{"href":"https:\/\/iso100-photo.eu\/sv\/wp-json\/wp\/v2\/pages\/50","targetHints":{"allow":["GET"]}}],"collection":[{"href":"https:\/\/iso100-photo.eu\/sv\/wp-json\/wp\/v2\/pages"}],"about":[{"href":"https:\/\/iso100-photo.eu\/sv\/wp-json\/wp\/v2\/types\/page"}],"author":[{"embeddable":true,"href":"https:\/\/iso100-photo.eu\/sv\/wp-json\/wp\/v2\/users\/1"}],"replies":[{"embeddable":true,"href":"https:\/\/iso100-photo.eu\/sv\/wp-json\/wp\/v2\/comments?post=50"}],"version-history":[{"count":130,"href":"https:\/\/iso100-photo.eu\/sv\/wp-json\/wp\/v2\/pages\/50\/revisions"}],"predecessor-version":[{"id":1353,"href":"https:\/\/iso100-photo.eu\/sv\/wp-json\/wp\/v2\/pages\/50\/revisions\/1353"}],"wp:attachment":[{"href":"https:\/\/iso100-photo.eu\/sv\/wp-json\/wp\/v2\/media?parent=50"}],"curies":[{"name":"wp","href":"https:\/\/api.w.org\/{rel}","templated":true}]}}