{"id":635,"date":"2025-07-28T11:30:37","date_gmt":"2025-07-28T11:30:37","guid":{"rendered":"https:\/\/iso100-photo.eu\/?page_id=635"},"modified":"2025-09-28T04:32:34","modified_gmt":"2025-09-28T04:32:34","slug":"projects","status":"publish","type":"page","link":"https:\/\/iso100-photo.eu\/sv\/projects\/","title":{"rendered":"projekt"},"content":{"rendered":"<div class=\"wp-block-group has-global-padding is-content-justification-center is-layout-constrained wp-container-core-group-is-layout-856487d4 wp-block-group-is-layout-constrained\" style=\"margin-top:var(--wp--preset--spacing--30);margin-bottom:var(--wp--preset--spacing--30);padding-right:var(--wp--preset--spacing--20);padding-left:var(--wp--preset--spacing--20)\">\n<h2 class=\"wp-block-heading alignwide has-text-align-center has-medium-font-size\">\u2014 projekt \u2014<\/h2>\n\n\n\n<h3 class=\"wp-block-heading has-text-align-left\" style=\"margin-top:var(--wp--preset--spacing--40);margin-bottom:var(--wp--preset--spacing--40);padding-right:0px;padding-left:0px\">Under den h\u00e4r rubriken f\u00f6rs\u00f6ker jag samla fotografiska arbeten som inte best\u00e5r av en enskild bild, utan av en serie fotografier som \u00e4r f\u00f6renade genom ett gemensamt koncept, tema eller syfte. Slutresultatet av ett projekt kan \u2013 men beh\u00f6ver inte \u2013 ut\u00f6ver sj\u00e4lva fotosamlingen \u00e4ven presenteras i andra former, s\u00e5som en fotobok eller en utst\u00e4llning.<\/h3>\n\n\n\n<h3 class=\"wp-block-heading alignwide\" id=\"we-re-a-studio-in-berlin-with-an-international-practice-in-architecture-urban-planning-and-interior-design-we-believe-in-sharing-knowledge-and-promoting-dialogue-to-increase-the-creative-potential-of-collaboration\" style=\"border-style:none;border-width:0px;padding-top:0;padding-right:0;padding-bottom:0;padding-left:0;font-size:clamp(14px, 0.875rem + ((1vw - 3.2px) * 0.313), 17px);line-height:1.1\">F\u00f6rutom arbetet med mina egna projekt \u00e4r jag aktiv i fotogruppen \u201delf.22\u201d, som uppstod ur en gemensam workshop 2022. Mer information om gruppen och v\u00e5ra gemensamma arbeten finns p\u00e5 <a href=\"https:\/\/elf22.online\" target=\"_blank\" rel=\"noopener\" title=\"\"><mark style=\"background-color:rgba(0, 0, 0, 0);color:#00b1ff\" class=\"has-inline-color\">https:\/\/elf22.online<\/mark><\/a>.<\/h3>\n\n\n\n<p class=\"has-text-align-center\"><\/p>\n\n\n\n<blockquote class=\"wp-block-quote is-layout-flow wp-container-core-quote-is-layout-79a47268 wp-block-quote-is-layout-flow\" style=\"margin-top:0;margin-right:0;margin-bottom:0;margin-left:0;padding-right:0;padding-left:0\">\n<p><\/p>\n<\/blockquote>\n<\/div>\n\n\n\n<div class=\"wp-block-group is-layout-grid wp-container-core-group-is-layout-e636f621 wp-block-group-is-layout-grid\" style=\"margin-top:var(--wp--preset--spacing--60);margin-bottom:var(--wp--preset--spacing--60);padding-top:0;padding-right:0;padding-bottom:0;padding-left:0\">\n<div class=\"wp-block-group is-vertical is-content-justification-center is-layout-flex wp-container-core-group-is-layout-ce155fab wp-block-group-is-layout-flex\">\n<figure class=\"wp-block-image size-large is-resized\"><img loading=\"lazy\" decoding=\"async\" width=\"1024\" height=\"768\" src=\"https:\/\/iso100-photo.eu\/wp-content\/uploads\/2025\/08\/7R44829-Bearbeitet-edited-1024x768.jpg\" alt=\"\" class=\"wp-image-957\" style=\"box-shadow:var(--wp--preset--shadow--deep);width:326px\" srcset=\"https:\/\/iso100-photo.eu\/wp-content\/uploads\/2025\/08\/7R44829-Bearbeitet-edited-1024x768.jpg 1024w, https:\/\/iso100-photo.eu\/wp-content\/uploads\/2025\/08\/7R44829-Bearbeitet-edited-300x225.jpg 300w, https:\/\/iso100-photo.eu\/wp-content\/uploads\/2025\/08\/7R44829-Bearbeitet-edited-768x576.jpg 768w, https:\/\/iso100-photo.eu\/wp-content\/uploads\/2025\/08\/7R44829-Bearbeitet-edited-50x37.jpg 50w, https:\/\/iso100-photo.eu\/wp-content\/uploads\/2025\/08\/7R44829-Bearbeitet-edited-1600x1199.jpg 1600w, https:\/\/iso100-photo.eu\/wp-content\/uploads\/2025\/08\/7R44829-Bearbeitet-edited-1536x1151.jpg 1536w, https:\/\/iso100-photo.eu\/wp-content\/uploads\/2025\/08\/7R44829-Bearbeitet-edited-16x12.jpg 16w, https:\/\/iso100-photo.eu\/wp-content\/uploads\/2025\/08\/7R44829-Bearbeitet-edited.jpg 1821w\" sizes=\"auto, (max-width: 1024px) 100vw, 1024px\" \/><\/figure>\n\n\n\n<h2 class=\"wp-block-heading has-text-align-center\" style=\"font-size:clamp(1.092rem, 1.092rem + ((1vw - 0.2rem) * 1.013), 1.7rem);\"><a href=\"https:\/\/iso100-photo.eu\/sv\/misty-morning-in-uppsala\/\" data-type=\"page\" data-id=\"953\">morgondimma i hammarskog<\/a><\/h2>\n\n\n\n<h3 class=\"wp-block-heading has-text-align-center\" style=\"font-size:clamp(0.875rem, 0.875rem + ((1vw - 0.2rem) * 0.042), 0.9rem);\"><\/h3>\n<\/div>\n\n\n\n<div class=\"wp-block-group is-vertical is-content-justification-center is-layout-flex wp-container-core-group-is-layout-ce155fab wp-block-group-is-layout-flex\">\n<figure class=\"wp-block-image size-large is-resized\"><img loading=\"lazy\" decoding=\"async\" width=\"1821\" height=\"1365\" src=\"https:\/\/iso100-photo.eu\/wp-content\/uploads\/2025\/09\/01-20231226-_7R40798-ARW_DxO_DeepPRIME-Bearbeitet-Bearbeitet-3-edited.jpg\" alt=\"\" class=\"wp-image-1291\" style=\"box-shadow:var(--wp--preset--shadow--deep);width:326px\" srcset=\"https:\/\/iso100-photo.eu\/wp-content\/uploads\/2025\/09\/01-20231226-_7R40798-ARW_DxO_DeepPRIME-Bearbeitet-Bearbeitet-3-edited.jpg 1821w, https:\/\/iso100-photo.eu\/wp-content\/uploads\/2025\/09\/01-20231226-_7R40798-ARW_DxO_DeepPRIME-Bearbeitet-Bearbeitet-3-edited-300x225.jpg 300w, https:\/\/iso100-photo.eu\/wp-content\/uploads\/2025\/09\/01-20231226-_7R40798-ARW_DxO_DeepPRIME-Bearbeitet-Bearbeitet-3-edited-1024x768.jpg 1024w, https:\/\/iso100-photo.eu\/wp-content\/uploads\/2025\/09\/01-20231226-_7R40798-ARW_DxO_DeepPRIME-Bearbeitet-Bearbeitet-3-edited-768x576.jpg 768w, https:\/\/iso100-photo.eu\/wp-content\/uploads\/2025\/09\/01-20231226-_7R40798-ARW_DxO_DeepPRIME-Bearbeitet-Bearbeitet-3-edited-50x37.jpg 50w, https:\/\/iso100-photo.eu\/wp-content\/uploads\/2025\/09\/01-20231226-_7R40798-ARW_DxO_DeepPRIME-Bearbeitet-Bearbeitet-3-edited-1600x1199.jpg 1600w, https:\/\/iso100-photo.eu\/wp-content\/uploads\/2025\/09\/01-20231226-_7R40798-ARW_DxO_DeepPRIME-Bearbeitet-Bearbeitet-3-edited-1536x1151.jpg 1536w\" sizes=\"auto, (max-width: 1821px) 100vw, 1821px\" \/><\/figure>\n\n\n\n<h2 class=\"wp-block-heading has-text-align-center\" style=\"font-size:clamp(1.092rem, 1.092rem + ((1vw - 0.2rem) * 1.013), 1.7rem);\"><a href=\"https:\/\/iso100-photo.eu\/sv\/winter-light-in-uppland\/\" data-type=\"page\" data-id=\"960\">vinterljus i uppsala<\/a><\/h2>\n\n\n\n<h3 class=\"wp-block-heading has-text-align-center\" style=\"font-size:clamp(0.875rem, 0.875rem + ((1vw - 0.2rem) * 0.042), 0.9rem);\"><\/h3>\n<\/div>\n\n\n\n<div class=\"wp-block-group is-vertical is-content-justification-center is-layout-flex wp-container-core-group-is-layout-ce155fab wp-block-group-is-layout-flex\">\n<figure class=\"wp-block-image size-large is-resized\"><img loading=\"lazy\" decoding=\"async\" width=\"1024\" height=\"768\" src=\"https:\/\/iso100-photo.eu\/wp-content\/uploads\/2025\/08\/7R42364-ARW-1-edited-1024x768.jpg\" alt=\"\" class=\"wp-image-969\" style=\"box-shadow:var(--wp--preset--shadow--deep);width:326px\" srcset=\"https:\/\/iso100-photo.eu\/wp-content\/uploads\/2025\/08\/7R42364-ARW-1-edited-1024x768.jpg 1024w, https:\/\/iso100-photo.eu\/wp-content\/uploads\/2025\/08\/7R42364-ARW-1-edited-300x225.jpg 300w, https:\/\/iso100-photo.eu\/wp-content\/uploads\/2025\/08\/7R42364-ARW-1-edited-768x576.jpg 768w, https:\/\/iso100-photo.eu\/wp-content\/uploads\/2025\/08\/7R42364-ARW-1-edited-50x38.jpg 50w, https:\/\/iso100-photo.eu\/wp-content\/uploads\/2025\/08\/7R42364-ARW-1-edited-16x12.jpg 16w, https:\/\/iso100-photo.eu\/wp-content\/uploads\/2025\/08\/7R42364-ARW-1-edited.jpg 1536w\" sizes=\"auto, (max-width: 1024px) 100vw, 1024px\" \/><\/figure>\n\n\n\n<h2 class=\"wp-block-heading has-text-align-center\" style=\"font-size:clamp(1.092rem, 1.092rem + ((1vw - 0.2rem) * 1.013), 1.7rem);\"><a href=\"https:\/\/iso100-photo.eu\/sv\/horizons-where-earth-and-sea-meet-the-sky\/\" data-type=\"page\" data-id=\"966\">horisonter<\/a><\/h2>\n\n\n\n<h3 class=\"wp-block-heading has-text-align-center\" style=\"font-size:clamp(0.875rem, 0.875rem + ((1vw - 0.2rem) * 0.042), 0.9rem);\"><\/h3>\n<\/div>\n<\/div>","protected":false},"excerpt":{"rendered":"<p>\u2014 projects \u2014 Under this category, it is my aim to bring together photographic works that do not consist of a single image, but rather a series of photos connected by a common concept, theme, or purpose. The final result of a project may \u2013 but does not have to \u2013 go beyond the photo [&hellip;]<\/p>\n","protected":false},"author":1,"featured_media":0,"parent":0,"menu_order":0,"comment_status":"closed","ping_status":"closed","template":"page-with-title","meta":{"_monsterinsights_skip_tracking":false,"_monsterinsights_sitenote_active":false,"_monsterinsights_sitenote_note":"","_monsterinsights_sitenote_category":0,"footnotes":""},"class_list":["post-635","page","type-page","status-publish","hentry"],"aioseo_notices":[],"_links":{"self":[{"href":"https:\/\/iso100-photo.eu\/sv\/wp-json\/wp\/v2\/pages\/635","targetHints":{"allow":["GET"]}}],"collection":[{"href":"https:\/\/iso100-photo.eu\/sv\/wp-json\/wp\/v2\/pages"}],"about":[{"href":"https:\/\/iso100-photo.eu\/sv\/wp-json\/wp\/v2\/types\/page"}],"author":[{"embeddable":true,"href":"https:\/\/iso100-photo.eu\/sv\/wp-json\/wp\/v2\/users\/1"}],"replies":[{"embeddable":true,"href":"https:\/\/iso100-photo.eu\/sv\/wp-json\/wp\/v2\/comments?post=635"}],"version-history":[{"count":40,"href":"https:\/\/iso100-photo.eu\/sv\/wp-json\/wp\/v2\/pages\/635\/revisions"}],"predecessor-version":[{"id":1348,"href":"https:\/\/iso100-photo.eu\/sv\/wp-json\/wp\/v2\/pages\/635\/revisions\/1348"}],"wp:attachment":[{"href":"https:\/\/iso100-photo.eu\/sv\/wp-json\/wp\/v2\/media?parent=635"}],"curies":[{"name":"wp","href":"https:\/\/api.w.org\/{rel}","templated":true}]}}