{"id":901,"date":"2025-08-10T17:06:50","date_gmt":"2025-08-10T17:06:50","guid":{"rendered":"https:\/\/iso100-photo.eu\/?page_id=901"},"modified":"2025-09-26T13:59:00","modified_gmt":"2025-09-26T13:59:00","slug":"landscapes-in-colour","status":"publish","type":"page","link":"https:\/\/iso100-photo.eu\/sv\/landscapes-in-colour\/","title":{"rendered":"landscapes in colour"},"content":{"rendered":"<div class=\"wp-block-group has-global-padding is-layout-constrained wp-container-core-group-is-layout-267b2dbf wp-block-group-is-layout-constrained\" style=\"margin-top:var(--wp--preset--spacing--30);margin-bottom:var(--wp--preset--spacing--30);padding-top:var(--wp--preset--spacing--20);padding-right:var(--wp--preset--spacing--20);padding-bottom:var(--wp--preset--spacing--20);padding-left:var(--wp--preset--spacing--20)\">\n<h2 class=\"wp-block-heading has-large-font-size\">f\u00e4rg m\u00f6ter landskap<\/h2>\n<\/div>\n\n\n\n<div class=\"wp-block-group has-global-padding is-layout-constrained wp-container-core-group-is-layout-29a8626f wp-block-group-is-layout-constrained\" style=\"padding-top:0;padding-right:var(--wp--preset--spacing--20);padding-bottom:0;padding-left:var(--wp--preset--spacing--20)\">\n<h3 class=\"wp-block-heading\">F\u00e4rger ber\u00e4ttar historier. I dessa landskapsbilder st\u00e5r f\u00e4rgpalettens k\u00e4nslom\u00e4ssiga p\u00e5verkan i fokus. Ibland mjuk och st\u00e4mningsfull, ibland kraftfull och uttrycksfull \u2013 bilderna visar naturens m\u00e5ngfald och de st\u00e4mningar den kan framkalla.<\/h3>\n<\/div>\n\n\n\n<div class=\"wp-block-group has-global-padding is-layout-constrained wp-block-group-is-layout-constrained\" style=\"padding-top:var(--wp--preset--spacing--20);padding-bottom:var(--wp--preset--spacing--20)\"><style type=\"text\/css\">\n#foogallery-gallery-830.fg-justified .fg-item { margin-right: 20px; margin-bottom: 20px; }\n#foogallery-gallery-830.fg-justified .fg-image { height: 200px; }<\/style>\n\t\t\t<div class=\"foogallery foogallery-container foogallery-justified foogallery-lightbox-foogallery fg-justified fg-ready fg-light fg-shadow-medium fg-loading-default fg-loaded-fade-in fg-caption-always fg-hover-fade fg-hover-zoom2\" id=\"foogallery-gallery-830\" data-foogallery=\"{&quot;item&quot;:{&quot;showCaptionTitle&quot;:true,&quot;showCaptionDescription&quot;:false},&quot;lazy&quot;:true,&quot;template&quot;:{&quot;rowHeight&quot;:200,&quot;maxRowHeight&quot;:300,&quot;margins&quot;:20,&quot;align&quot;:&quot;center&quot;,&quot;lastRow&quot;:&quot;justify&quot;}}\" data-foogallery-lightbox=\"{&quot;thumbs&quot;:&quot;none&quot;,&quot;info&quot;:false,&quot;infoAlign&quot;:&quot;default&quot;,&quot;transition&quot;:&quot;fade&quot;,&quot;hoverButtons&quot;:false,&quot;fitMedia&quot;:false,&quot;noScrollbars&quot;:true,&quot;preserveButtonSpace&quot;:true,&quot;buttons&quot;:{&quot;fullscreen&quot;:true,&quot;info&quot;:true,&quot;thumbs&quot;:false},&quot;video&quot;:{&quot;autoPlay&quot;:true}}\" style=\"--fg-title-line-clamp: 0; --fg-description-line-clamp: 0;\" >\n\t<div class=\"fg-item fg-type-image fg-idle\"><figure class=\"fg-item-inner\"><a href=\"https:\/\/iso100-photo.eu\/wp-content\/uploads\/2025\/08\/XT5S1290-RAF.jpg\" data-attachment-id=\"831\" data-type=\"image\" class=\"fg-thumb\"><span class=\"fg-image-wrap\"><img fetchpriority=\"high\" decoding=\"async\" height=\"300\" width=\"533\" class=\"skip-lazy fg-image\" data-src-fg=\"https:\/\/iso100-photo.eu\/wp-content\/uploads\/cache\/2025\/08\/XT5S1290-RAF\/4263603.jpg\" src=\"data:image\/svg+xml,%3Csvg%20xmlns%3D%22http%3A%2F%2Fwww.w3.org%2F2000%2Fsvg%22%20width%3D%22533%22%20height%3D%22300%22%20viewBox%3D%220%200%20533%20300%22%3E%3C%2Fsvg%3E\" loading=\"eager\"><\/span><span class=\"fg-image-overlay\"><\/span><\/a><\/figure><div class=\"fg-loader\"><\/div><\/div><div class=\"fg-item fg-type-image fg-idle\"><figure class=\"fg-item-inner\"><a href=\"https:\/\/iso100-photo.eu\/wp-content\/uploads\/2025\/08\/XT5S1206-RAF.jpg\" data-attachment-id=\"832\" data-type=\"image\" class=\"fg-thumb\"><span class=\"fg-image-wrap\"><img decoding=\"async\" height=\"300\" width=\"450\" class=\"skip-lazy fg-image\" data-src-fg=\"https:\/\/iso100-photo.eu\/wp-content\/uploads\/cache\/2025\/08\/XT5S1206-RAF\/1419140313.jpg\" src=\"data:image\/svg+xml,%3Csvg%20xmlns%3D%22http%3A%2F%2Fwww.w3.org%2F2000%2Fsvg%22%20width%3D%22450%22%20height%3D%22300%22%20viewBox%3D%220%200%20450%20300%22%3E%3C%2Fsvg%3E\" loading=\"eager\"><\/span><span class=\"fg-image-overlay\"><\/span><\/a><\/figure><div class=\"fg-loader\"><\/div><\/div><div class=\"fg-item fg-type-image fg-idle\"><figure class=\"fg-item-inner\"><a href=\"https:\/\/iso100-photo.eu\/wp-content\/uploads\/2025\/08\/XT5S1146-RAF.jpg\" data-attachment-id=\"833\" data-type=\"image\" class=\"fg-thumb\"><span class=\"fg-image-wrap\"><img decoding=\"async\" height=\"300\" width=\"811\" class=\"skip-lazy fg-image\" data-src-fg=\"https:\/\/iso100-photo.eu\/wp-content\/uploads\/cache\/2025\/08\/XT5S1146-RAF\/1253328245.jpg\" src=\"data:image\/svg+xml,%3Csvg%20xmlns%3D%22http%3A%2F%2Fwww.w3.org%2F2000%2Fsvg%22%20width%3D%22811%22%20height%3D%22300%22%20viewBox%3D%220%200%20811%20300%22%3E%3C%2Fsvg%3E\" loading=\"eager\"><\/span><span class=\"fg-image-overlay\"><\/span><\/a><\/figure><div class=\"fg-loader\"><\/div><\/div><div class=\"fg-item fg-type-image fg-idle\"><figure class=\"fg-item-inner\"><a href=\"https:\/\/iso100-photo.eu\/wp-content\/uploads\/2025\/08\/XT4S0799.jpg\" data-attachment-id=\"834\" data-type=\"image\" class=\"fg-thumb\"><span class=\"fg-image-wrap\"><img decoding=\"async\" height=\"300\" width=\"200\" class=\"skip-lazy fg-image\" data-src-fg=\"https:\/\/iso100-photo.eu\/wp-content\/uploads\/cache\/2025\/08\/XT4S0799\/3797348316.jpg\" src=\"data:image\/svg+xml,%3Csvg%20xmlns%3D%22http%3A%2F%2Fwww.w3.org%2F2000%2Fsvg%22%20width%3D%22200%22%20height%3D%22300%22%20viewBox%3D%220%200%20200%20300%22%3E%3C%2Fsvg%3E\" loading=\"eager\"><\/span><span class=\"fg-image-overlay\"><\/span><\/a><\/figure><div class=\"fg-loader\"><\/div><\/div><div class=\"fg-item fg-type-image fg-idle\"><figure class=\"fg-item-inner\"><a href=\"https:\/\/iso100-photo.eu\/wp-content\/uploads\/2025\/08\/XT4S0796.jpg\" data-attachment-id=\"835\" data-type=\"image\" class=\"fg-thumb\"><span class=\"fg-image-wrap\"><img decoding=\"async\" height=\"300\" width=\"450\" class=\"skip-lazy fg-image\" data-src-fg=\"https:\/\/iso100-photo.eu\/wp-content\/uploads\/cache\/2025\/08\/XT4S0796\/2106758581.jpg\" src=\"data:image\/svg+xml,%3Csvg%20xmlns%3D%22http%3A%2F%2Fwww.w3.org%2F2000%2Fsvg%22%20width%3D%22450%22%20height%3D%22300%22%20viewBox%3D%220%200%20450%20300%22%3E%3C%2Fsvg%3E\" loading=\"eager\"><\/span><span class=\"fg-image-overlay\"><\/span><\/a><\/figure><div class=\"fg-loader\"><\/div><\/div><div class=\"fg-item fg-type-image fg-idle\"><figure class=\"fg-item-inner\"><a href=\"https:\/\/iso100-photo.eu\/wp-content\/uploads\/2025\/08\/XH6S1987-RAF.jpg\" data-attachment-id=\"836\" data-type=\"image\" class=\"fg-thumb\"><span class=\"fg-image-wrap\"><img decoding=\"async\" height=\"300\" width=\"200\" class=\"skip-lazy fg-image\" data-src-fg=\"https:\/\/iso100-photo.eu\/wp-content\/uploads\/cache\/2025\/08\/XH6S1987-RAF\/1572001767.jpg\" src=\"data:image\/svg+xml,%3Csvg%20xmlns%3D%22http%3A%2F%2Fwww.w3.org%2F2000%2Fsvg%22%20width%3D%22200%22%20height%3D%22300%22%20viewBox%3D%220%200%20200%20300%22%3E%3C%2Fsvg%3E\" loading=\"eager\"><\/span><span class=\"fg-image-overlay\"><\/span><\/a><\/figure><div class=\"fg-loader\"><\/div><\/div><div class=\"fg-item fg-type-image fg-idle\"><figure class=\"fg-item-inner\"><a href=\"https:\/\/iso100-photo.eu\/wp-content\/uploads\/2025\/08\/XH6S1964-RAF.jpg\" data-attachment-id=\"837\" data-type=\"image\" class=\"fg-thumb\"><span class=\"fg-image-wrap\"><img decoding=\"async\" height=\"300\" width=\"450\" class=\"skip-lazy fg-image\" data-src-fg=\"https:\/\/iso100-photo.eu\/wp-content\/uploads\/cache\/2025\/08\/XH6S1964-RAF\/1915772742.jpg\" src=\"data:image\/svg+xml,%3Csvg%20xmlns%3D%22http%3A%2F%2Fwww.w3.org%2F2000%2Fsvg%22%20width%3D%22450%22%20height%3D%22300%22%20viewBox%3D%220%200%20450%20300%22%3E%3C%2Fsvg%3E\" loading=\"eager\"><\/span><span class=\"fg-image-overlay\"><\/span><\/a><\/figure><div class=\"fg-loader\"><\/div><\/div><div class=\"fg-item fg-type-image fg-idle\"><figure class=\"fg-item-inner\"><a href=\"https:\/\/iso100-photo.eu\/wp-content\/uploads\/2025\/08\/A7300929_3-1.jpg\" data-attachment-id=\"838\" data-type=\"image\" class=\"fg-thumb\"><span class=\"fg-image-wrap\"><img decoding=\"async\" height=\"300\" width=\"683\" class=\"skip-lazy fg-image\" data-src-fg=\"https:\/\/iso100-photo.eu\/wp-content\/uploads\/cache\/2025\/08\/A7300929_3-1\/3401960055.jpg\" src=\"data:image\/svg+xml,%3Csvg%20xmlns%3D%22http%3A%2F%2Fwww.w3.org%2F2000%2Fsvg%22%20width%3D%22683%22%20height%3D%22300%22%20viewBox%3D%220%200%20683%20300%22%3E%3C%2Fsvg%3E\" loading=\"eager\"><\/span><span class=\"fg-image-overlay\"><\/span><\/a><\/figure><div class=\"fg-loader\"><\/div><\/div><div class=\"fg-item fg-type-image fg-idle\"><figure class=\"fg-item-inner\"><a href=\"https:\/\/iso100-photo.eu\/wp-content\/uploads\/2025\/08\/A7R1800.jpg\" data-attachment-id=\"839\" data-type=\"image\" class=\"fg-thumb\"><span class=\"fg-image-wrap\"><img decoding=\"async\" height=\"300\" width=\"240\" class=\"skip-lazy fg-image\" data-src-fg=\"https:\/\/iso100-photo.eu\/wp-content\/uploads\/cache\/2025\/08\/A7R1800\/1727304644.jpg\" src=\"data:image\/svg+xml,%3Csvg%20xmlns%3D%22http%3A%2F%2Fwww.w3.org%2F2000%2Fsvg%22%20width%3D%22240%22%20height%3D%22300%22%20viewBox%3D%220%200%20240%20300%22%3E%3C%2Fsvg%3E\" loading=\"eager\"><\/span><span class=\"fg-image-overlay\"><\/span><\/a><\/figure><div class=\"fg-loader\"><\/div><\/div><div class=\"fg-item fg-type-image fg-idle\"><figure class=\"fg-item-inner\"><a href=\"https:\/\/iso100-photo.eu\/wp-content\/uploads\/2025\/08\/7R44106-Bearbeitet-2.jpg\" data-attachment-id=\"840\" data-type=\"image\" class=\"fg-thumb\"><span class=\"fg-image-wrap\"><img decoding=\"async\" height=\"300\" width=\"450\" class=\"skip-lazy fg-image\" data-src-fg=\"https:\/\/iso100-photo.eu\/wp-content\/uploads\/cache\/2025\/08\/7R44106-Bearbeitet-2\/3885493818.jpg\" src=\"data:image\/svg+xml,%3Csvg%20xmlns%3D%22http%3A%2F%2Fwww.w3.org%2F2000%2Fsvg%22%20width%3D%22450%22%20height%3D%22300%22%20viewBox%3D%220%200%20450%20300%22%3E%3C%2Fsvg%3E\" loading=\"eager\"><\/span><span class=\"fg-image-overlay\"><\/span><\/a><\/figure><div class=\"fg-loader\"><\/div><\/div><div class=\"fg-item fg-type-image fg-idle\"><figure class=\"fg-item-inner\"><a href=\"https:\/\/iso100-photo.eu\/wp-content\/uploads\/2025\/08\/7R43298-ARW-Verbessert-SR.jpg\" data-attachment-id=\"841\" data-type=\"image\" class=\"fg-thumb\"><span class=\"fg-image-wrap\"><img decoding=\"async\" height=\"300\" width=\"533\" class=\"skip-lazy fg-image\" data-src-fg=\"https:\/\/iso100-photo.eu\/wp-content\/uploads\/cache\/2025\/08\/7R43298-ARW-Verbessert-SR\/2161414287.jpg\" src=\"data:image\/svg+xml,%3Csvg%20xmlns%3D%22http%3A%2F%2Fwww.w3.org%2F2000%2Fsvg%22%20width%3D%22533%22%20height%3D%22300%22%20viewBox%3D%220%200%20533%20300%22%3E%3C%2Fsvg%3E\" loading=\"eager\"><\/span><span class=\"fg-image-overlay\"><\/span><\/a><\/figure><div class=\"fg-loader\"><\/div><\/div><div class=\"fg-item fg-type-image fg-idle\"><figure class=\"fg-item-inner\"><a href=\"https:\/\/iso100-photo.eu\/wp-content\/uploads\/2025\/08\/7R43297-ARW.jpg\" data-attachment-id=\"842\" data-type=\"image\" class=\"fg-thumb\"><span class=\"fg-image-wrap\"><img decoding=\"async\" height=\"300\" width=\"533\" class=\"skip-lazy fg-image\" data-src-fg=\"https:\/\/iso100-photo.eu\/wp-content\/uploads\/cache\/2025\/08\/7R43297-ARW\/2394771700.jpg\" src=\"data:image\/svg+xml,%3Csvg%20xmlns%3D%22http%3A%2F%2Fwww.w3.org%2F2000%2Fsvg%22%20width%3D%22533%22%20height%3D%22300%22%20viewBox%3D%220%200%20533%20300%22%3E%3C%2Fsvg%3E\" loading=\"eager\"><\/span><span class=\"fg-image-overlay\"><\/span><\/a><\/figure><div class=\"fg-loader\"><\/div><\/div><div class=\"fg-item fg-type-image fg-idle\"><figure class=\"fg-item-inner\"><a href=\"https:\/\/iso100-photo.eu\/wp-content\/uploads\/2025\/08\/7R42481-ARW.jpg\" data-attachment-id=\"843\" data-type=\"image\" class=\"fg-thumb\"><span class=\"fg-image-wrap\"><img decoding=\"async\" height=\"300\" width=\"811\" class=\"skip-lazy fg-image\" data-src-fg=\"https:\/\/iso100-photo.eu\/wp-content\/uploads\/cache\/2025\/08\/7R42481-ARW\/1611149292.jpg\" src=\"data:image\/svg+xml,%3Csvg%20xmlns%3D%22http%3A%2F%2Fwww.w3.org%2F2000%2Fsvg%22%20width%3D%22811%22%20height%3D%22300%22%20viewBox%3D%220%200%20811%20300%22%3E%3C%2Fsvg%3E\" loading=\"eager\"><\/span><span class=\"fg-image-overlay\"><\/span><\/a><\/figure><div class=\"fg-loader\"><\/div><\/div><\/div>\n<\/div>","protected":false},"excerpt":{"rendered":"<p>colour meets landscape Colours tell stories. In these landscape photographs, the emotional impact of the colour palette is the focal point. Sometimes soft and atmospheric, sometimes bold and expressive \u2013 the images reflect the diversity of nature and the moods it can evoke.<\/p>","protected":false},"author":1,"featured_media":0,"parent":0,"menu_order":0,"comment_status":"closed","ping_status":"closed","template":"page-with-title","meta":{"_monsterinsights_skip_tracking":false,"_monsterinsights_sitenote_active":false,"_monsterinsights_sitenote_note":"","_monsterinsights_sitenote_category":0,"footnotes":""},"class_list":["post-901","page","type-page","status-publish","hentry"],"aioseo_notices":[],"_links":{"self":[{"href":"https:\/\/iso100-photo.eu\/sv\/wp-json\/wp\/v2\/pages\/901","targetHints":{"allow":["GET"]}}],"collection":[{"href":"https:\/\/iso100-photo.eu\/sv\/wp-json\/wp\/v2\/pages"}],"about":[{"href":"https:\/\/iso100-photo.eu\/sv\/wp-json\/wp\/v2\/types\/page"}],"author":[{"embeddable":true,"href":"https:\/\/iso100-photo.eu\/sv\/wp-json\/wp\/v2\/users\/1"}],"replies":[{"embeddable":true,"href":"https:\/\/iso100-photo.eu\/sv\/wp-json\/wp\/v2\/comments?post=901"}],"version-history":[{"count":6,"href":"https:\/\/iso100-photo.eu\/sv\/wp-json\/wp\/v2\/pages\/901\/revisions"}],"predecessor-version":[{"id":1334,"href":"https:\/\/iso100-photo.eu\/sv\/wp-json\/wp\/v2\/pages\/901\/revisions\/1334"}],"wp:attachment":[{"href":"https:\/\/iso100-photo.eu\/sv\/wp-json\/wp\/v2\/media?parent=901"}],"curies":[{"name":"wp","href":"https:\/\/api.w.org\/{rel}","templated":true}]}}