{"id":953,"date":"2025-08-11T08:04:30","date_gmt":"2025-08-11T08:04:30","guid":{"rendered":"https:\/\/iso100-photo.eu\/?page_id=953"},"modified":"2025-09-26T14:00:03","modified_gmt":"2025-09-26T14:00:03","slug":"misty-morning-in-uppsala","status":"publish","type":"page","link":"https:\/\/iso100-photo.eu\/sv\/misty-morning-in-uppsala\/","title":{"rendered":"misty morning in uppsala"},"content":{"rendered":"<div class=\"wp-block-group has-global-padding is-layout-constrained wp-container-core-group-is-layout-d570f642 wp-block-group-is-layout-constrained\" style=\"margin-top:var(--wp--preset--spacing--30);margin-bottom:var(--wp--preset--spacing--30);padding-top:var(--wp--preset--spacing--20);padding-right:var(--wp--preset--spacing--20);padding-bottom:var(--wp--preset--spacing--20);padding-left:var(--wp--preset--spacing--20)\">\n<h2 class=\"wp-block-heading has-large-font-size\">morgondimma i hammarskog<\/h2>\n<\/div>\n\n\n\n<div class=\"wp-block-group has-global-padding is-layout-constrained wp-container-core-group-is-layout-29a8626f wp-block-group-is-layout-constrained\" style=\"padding-top:0;padding-right:var(--wp--preset--spacing--20);padding-bottom:0;padding-left:var(--wp--preset--spacing--20)\">\n<h3 class=\"wp-block-heading\">Denna serie visar delar av naturreservatet Hammarskog i Uppsala under de tidiga morgontimmarna, n\u00e4r dimman sveper in landskapet i en stilla, n\u00e4stan dr\u00f6mlik st\u00e4mning. Former l\u00f6ses upp, konturer f\u00f6rsvinner \u2013 och just i detta ligger bildseriens s\u00e4rskilda uttryck.<\/h3>\n<\/div>\n\n\n\n<div class=\"wp-block-group has-global-padding is-layout-constrained wp-block-group-is-layout-constrained\" style=\"padding-top:var(--wp--preset--spacing--20);padding-bottom:var(--wp--preset--spacing--20)\"><style type=\"text\/css\">\n#foogallery-gallery-844.fg-justified .fg-item { margin-right: 20px; margin-bottom: 20px; }\n#foogallery-gallery-844.fg-justified .fg-image { height: 200px; }<\/style>\n\t\t\t<div class=\"foogallery foogallery-container foogallery-justified foogallery-lightbox-foogallery fg-justified fg-ready fg-light fg-shadow-medium fg-loading-default fg-loaded-fade-in fg-caption-always fg-hover-fade fg-hover-zoom2\" id=\"foogallery-gallery-844\" data-foogallery=\"{&quot;item&quot;:{&quot;showCaptionTitle&quot;:true,&quot;showCaptionDescription&quot;:false},&quot;lazy&quot;:true,&quot;template&quot;:{&quot;rowHeight&quot;:200,&quot;maxRowHeight&quot;:300,&quot;margins&quot;:20,&quot;align&quot;:&quot;center&quot;,&quot;lastRow&quot;:&quot;justify&quot;}}\" data-foogallery-lightbox=\"{&quot;theme&quot;:&quot;fg-light&quot;,&quot;thumbs&quot;:&quot;none&quot;,&quot;info&quot;:false,&quot;infoAlign&quot;:&quot;default&quot;,&quot;transition&quot;:&quot;fade&quot;,&quot;hoverButtons&quot;:false,&quot;fitMedia&quot;:false,&quot;noScrollbars&quot;:true,&quot;preserveButtonSpace&quot;:true,&quot;buttons&quot;:{&quot;fullscreen&quot;:true,&quot;info&quot;:true,&quot;thumbs&quot;:false},&quot;video&quot;:{&quot;autoPlay&quot;:true}}\" style=\"--fg-title-line-clamp: 0; --fg-description-line-clamp: 0;\" >\n\t<div class=\"fg-item fg-type-image fg-idle\"><figure class=\"fg-item-inner\"><a href=\"https:\/\/iso100-photo.eu\/wp-content\/uploads\/2025\/08\/A7C01871-Bearbeitet.jpg\" data-attachment-id=\"845\" data-type=\"image\" class=\"fg-thumb\"><span class=\"fg-image-wrap\"><img fetchpriority=\"high\" decoding=\"async\" height=\"300\" width=\"813\" class=\"skip-lazy fg-image\" data-src-fg=\"https:\/\/iso100-photo.eu\/wp-content\/uploads\/cache\/2025\/08\/A7C01871-Bearbeitet\/1579286932.jpg\" src=\"data:image\/svg+xml,%3Csvg%20xmlns%3D%22http%3A%2F%2Fwww.w3.org%2F2000%2Fsvg%22%20width%3D%22813%22%20height%3D%22300%22%20viewBox%3D%220%200%20813%20300%22%3E%3C%2Fsvg%3E\" loading=\"eager\"><\/span><span class=\"fg-image-overlay\"><\/span><\/a><\/figure><div class=\"fg-loader\"><\/div><\/div><div class=\"fg-item fg-type-image fg-idle\"><figure class=\"fg-item-inner\"><a href=\"https:\/\/iso100-photo.eu\/wp-content\/uploads\/2025\/08\/A7C01863-Bearbeitet.jpg\" data-attachment-id=\"846\" data-type=\"image\" class=\"fg-thumb\"><span class=\"fg-image-wrap\"><img decoding=\"async\" height=\"300\" width=\"533\" class=\"skip-lazy fg-image\" data-src-fg=\"https:\/\/iso100-photo.eu\/wp-content\/uploads\/cache\/2025\/08\/A7C01863-Bearbeitet\/1001085743.jpg\" src=\"data:image\/svg+xml,%3Csvg%20xmlns%3D%22http%3A%2F%2Fwww.w3.org%2F2000%2Fsvg%22%20width%3D%22533%22%20height%3D%22300%22%20viewBox%3D%220%200%20533%20300%22%3E%3C%2Fsvg%3E\" loading=\"eager\"><\/span><span class=\"fg-image-overlay\"><\/span><\/a><\/figure><div class=\"fg-loader\"><\/div><\/div><div class=\"fg-item fg-type-image fg-idle\"><figure class=\"fg-item-inner\"><a href=\"https:\/\/iso100-photo.eu\/wp-content\/uploads\/2025\/08\/7R44890-Bearbeitet.jpg\" data-attachment-id=\"848\" data-type=\"image\" class=\"fg-thumb\"><span class=\"fg-image-wrap\"><img decoding=\"async\" height=\"300\" width=\"200\" class=\"skip-lazy fg-image\" data-src-fg=\"https:\/\/iso100-photo.eu\/wp-content\/uploads\/cache\/2025\/08\/7R44890-Bearbeitet\/4126216098.jpg\" src=\"data:image\/svg+xml,%3Csvg%20xmlns%3D%22http%3A%2F%2Fwww.w3.org%2F2000%2Fsvg%22%20width%3D%22200%22%20height%3D%22300%22%20viewBox%3D%220%200%20200%20300%22%3E%3C%2Fsvg%3E\" loading=\"eager\"><\/span><span class=\"fg-image-overlay\"><\/span><\/a><\/figure><div class=\"fg-loader\"><\/div><\/div><div class=\"fg-item fg-type-image fg-idle\"><figure class=\"fg-item-inner\"><a href=\"https:\/\/iso100-photo.eu\/wp-content\/uploads\/2025\/08\/7R44836-Bearbeitet-2.jpg\" data-attachment-id=\"849\" data-type=\"image\" class=\"fg-thumb\"><span class=\"fg-image-wrap\"><img decoding=\"async\" height=\"300\" width=\"450\" class=\"skip-lazy fg-image\" data-src-fg=\"https:\/\/iso100-photo.eu\/wp-content\/uploads\/cache\/2025\/08\/7R44836-Bearbeitet-2\/1787246219.jpg\" src=\"data:image\/svg+xml,%3Csvg%20xmlns%3D%22http%3A%2F%2Fwww.w3.org%2F2000%2Fsvg%22%20width%3D%22450%22%20height%3D%22300%22%20viewBox%3D%220%200%20450%20300%22%3E%3C%2Fsvg%3E\" loading=\"eager\"><\/span><span class=\"fg-image-overlay\"><\/span><\/a><\/figure><div class=\"fg-loader\"><\/div><\/div><div class=\"fg-item fg-type-image fg-idle\"><figure class=\"fg-item-inner\"><a href=\"https:\/\/iso100-photo.eu\/wp-content\/uploads\/2025\/08\/7R44829-Bearbeitet.jpg\" data-attachment-id=\"850\" data-type=\"image\" class=\"fg-thumb\"><span class=\"fg-image-wrap\"><img decoding=\"async\" height=\"300\" width=\"450\" class=\"skip-lazy fg-image\" data-src-fg=\"https:\/\/iso100-photo.eu\/wp-content\/uploads\/cache\/2025\/08\/7R44829-Bearbeitet\/634499319.jpg\" src=\"data:image\/svg+xml,%3Csvg%20xmlns%3D%22http%3A%2F%2Fwww.w3.org%2F2000%2Fsvg%22%20width%3D%22450%22%20height%3D%22300%22%20viewBox%3D%220%200%20450%20300%22%3E%3C%2Fsvg%3E\" loading=\"eager\"><\/span><span class=\"fg-image-overlay\"><\/span><\/a><\/figure><div class=\"fg-loader\"><\/div><\/div><div class=\"fg-item fg-type-image fg-idle\"><figure class=\"fg-item-inner\"><a href=\"https:\/\/iso100-photo.eu\/wp-content\/uploads\/2025\/08\/7R44828-Bearbeitet.jpg\" data-attachment-id=\"851\" data-type=\"image\" class=\"fg-thumb\"><span class=\"fg-image-wrap\"><img decoding=\"async\" height=\"300\" width=\"300\" class=\"skip-lazy fg-image\" data-src-fg=\"https:\/\/iso100-photo.eu\/wp-content\/uploads\/cache\/2025\/08\/7R44828-Bearbeitet\/2875178286.jpg\" src=\"data:image\/svg+xml,%3Csvg%20xmlns%3D%22http%3A%2F%2Fwww.w3.org%2F2000%2Fsvg%22%20width%3D%22300%22%20height%3D%22300%22%20viewBox%3D%220%200%20300%20300%22%3E%3C%2Fsvg%3E\" loading=\"eager\"><\/span><span class=\"fg-image-overlay\"><\/span><\/a><\/figure><div class=\"fg-loader\"><\/div><\/div><div class=\"fg-item fg-type-image fg-idle\"><figure class=\"fg-item-inner\"><a href=\"https:\/\/iso100-photo.eu\/wp-content\/uploads\/2025\/08\/7R44826-Bearbeitet-2.jpg\" data-attachment-id=\"852\" data-type=\"image\" class=\"fg-thumb\"><span class=\"fg-image-wrap\"><img decoding=\"async\" height=\"300\" width=\"450\" class=\"skip-lazy fg-image\" data-src-fg=\"https:\/\/iso100-photo.eu\/wp-content\/uploads\/cache\/2025\/08\/7R44826-Bearbeitet-2\/3530330755.jpg\" src=\"data:image\/svg+xml,%3Csvg%20xmlns%3D%22http%3A%2F%2Fwww.w3.org%2F2000%2Fsvg%22%20width%3D%22450%22%20height%3D%22300%22%20viewBox%3D%220%200%20450%20300%22%3E%3C%2Fsvg%3E\" loading=\"eager\"><\/span><span class=\"fg-image-overlay\"><\/span><\/a><\/figure><div class=\"fg-loader\"><\/div><\/div><div class=\"fg-item fg-type-image fg-idle\"><figure class=\"fg-item-inner\"><a href=\"https:\/\/iso100-photo.eu\/wp-content\/uploads\/2025\/08\/7R44822-Bearbeitet-2.jpg\" data-attachment-id=\"853\" data-type=\"image\" class=\"fg-thumb\"><span class=\"fg-image-wrap\"><img decoding=\"async\" height=\"300\" width=\"300\" class=\"skip-lazy fg-image\" data-src-fg=\"https:\/\/iso100-photo.eu\/wp-content\/uploads\/cache\/2025\/08\/7R44822-Bearbeitet-2\/1896126915.jpg\" src=\"data:image\/svg+xml,%3Csvg%20xmlns%3D%22http%3A%2F%2Fwww.w3.org%2F2000%2Fsvg%22%20width%3D%22300%22%20height%3D%22300%22%20viewBox%3D%220%200%20300%20300%22%3E%3C%2Fsvg%3E\" loading=\"eager\"><\/span><span class=\"fg-image-overlay\"><\/span><\/a><\/figure><div class=\"fg-loader\"><\/div><\/div><div class=\"fg-item fg-type-image fg-idle\"><figure class=\"fg-item-inner\"><a href=\"https:\/\/iso100-photo.eu\/wp-content\/uploads\/2025\/08\/7R44821-Bearbeitet-2.jpg\" data-attachment-id=\"854\" data-type=\"image\" class=\"fg-thumb\"><span class=\"fg-image-wrap\"><img decoding=\"async\" height=\"300\" width=\"450\" class=\"skip-lazy fg-image\" data-src-fg=\"https:\/\/iso100-photo.eu\/wp-content\/uploads\/cache\/2025\/08\/7R44821-Bearbeitet-2\/2819569731.jpg\" src=\"data:image\/svg+xml,%3Csvg%20xmlns%3D%22http%3A%2F%2Fwww.w3.org%2F2000%2Fsvg%22%20width%3D%22450%22%20height%3D%22300%22%20viewBox%3D%220%200%20450%20300%22%3E%3C%2Fsvg%3E\" loading=\"eager\"><\/span><span class=\"fg-image-overlay\"><\/span><\/a><\/figure><div class=\"fg-loader\"><\/div><\/div><div class=\"fg-item fg-type-image fg-idle\"><figure class=\"fg-item-inner\"><a href=\"https:\/\/iso100-photo.eu\/wp-content\/uploads\/2025\/08\/7R44819-Bearbeitet-3.jpg\" data-attachment-id=\"855\" data-type=\"image\" class=\"fg-thumb\"><span class=\"fg-image-wrap\"><img decoding=\"async\" height=\"300\" width=\"450\" class=\"skip-lazy fg-image\" data-src-fg=\"https:\/\/iso100-photo.eu\/wp-content\/uploads\/cache\/2025\/08\/7R44819-Bearbeitet-3\/3384709904.jpg\" src=\"data:image\/svg+xml,%3Csvg%20xmlns%3D%22http%3A%2F%2Fwww.w3.org%2F2000%2Fsvg%22%20width%3D%22450%22%20height%3D%22300%22%20viewBox%3D%220%200%20450%20300%22%3E%3C%2Fsvg%3E\" loading=\"eager\"><\/span><span class=\"fg-image-overlay\"><\/span><\/a><\/figure><div class=\"fg-loader\"><\/div><\/div><div class=\"fg-item fg-type-image fg-idle\"><figure class=\"fg-item-inner\"><a href=\"https:\/\/iso100-photo.eu\/wp-content\/uploads\/2025\/08\/7R44812-Bearbeitet-2-2.jpg\" data-attachment-id=\"856\" data-type=\"image\" class=\"fg-thumb\"><span class=\"fg-image-wrap\"><img decoding=\"async\" height=\"300\" width=\"405\" class=\"skip-lazy fg-image\" data-src-fg=\"https:\/\/iso100-photo.eu\/wp-content\/uploads\/cache\/2025\/08\/7R44812-Bearbeitet-2-2\/85358678.jpg\" src=\"data:image\/svg+xml,%3Csvg%20xmlns%3D%22http%3A%2F%2Fwww.w3.org%2F2000%2Fsvg%22%20width%3D%22405%22%20height%3D%22300%22%20viewBox%3D%220%200%20405%20300%22%3E%3C%2Fsvg%3E\" loading=\"eager\"><\/span><span class=\"fg-image-overlay\"><\/span><\/a><\/figure><div class=\"fg-loader\"><\/div><\/div><div class=\"fg-item fg-type-image fg-idle\"><figure class=\"fg-item-inner\"><a href=\"https:\/\/iso100-photo.eu\/wp-content\/uploads\/2025\/08\/7R44812-Bearbeitet-2.jpg\" data-attachment-id=\"857\" data-type=\"image\" class=\"fg-thumb\"><span class=\"fg-image-wrap\"><img decoding=\"async\" height=\"300\" width=\"405\" class=\"skip-lazy fg-image\" data-src-fg=\"https:\/\/iso100-photo.eu\/wp-content\/uploads\/cache\/2025\/08\/7R44812-Bearbeitet-2\/3819635116.jpg\" src=\"data:image\/svg+xml,%3Csvg%20xmlns%3D%22http%3A%2F%2Fwww.w3.org%2F2000%2Fsvg%22%20width%3D%22405%22%20height%3D%22300%22%20viewBox%3D%220%200%20405%20300%22%3E%3C%2Fsvg%3E\" loading=\"eager\"><\/span><span class=\"fg-image-overlay\"><\/span><\/a><\/figure><div class=\"fg-loader\"><\/div><\/div><div class=\"fg-item fg-type-image fg-idle\"><figure class=\"fg-item-inner\"><a href=\"https:\/\/iso100-photo.eu\/wp-content\/uploads\/2025\/08\/7R44804-Bearbeitet.jpg\" data-attachment-id=\"858\" data-type=\"image\" class=\"fg-thumb\"><span class=\"fg-image-wrap\"><img decoding=\"async\" height=\"300\" width=\"375\" class=\"skip-lazy fg-image\" data-src-fg=\"https:\/\/iso100-photo.eu\/wp-content\/uploads\/cache\/2025\/08\/7R44804-Bearbeitet\/2126721167.jpg\" src=\"data:image\/svg+xml,%3Csvg%20xmlns%3D%22http%3A%2F%2Fwww.w3.org%2F2000%2Fsvg%22%20width%3D%22375%22%20height%3D%22300%22%20viewBox%3D%220%200%20375%20300%22%3E%3C%2Fsvg%3E\" loading=\"eager\"><\/span><span class=\"fg-image-overlay\"><\/span><\/a><\/figure><div class=\"fg-loader\"><\/div><\/div><div class=\"fg-item fg-type-image fg-idle\"><figure class=\"fg-item-inner\"><a href=\"https:\/\/iso100-photo.eu\/wp-content\/uploads\/2025\/08\/7R44801-Bearbeitet-2.jpg\" data-attachment-id=\"859\" data-type=\"image\" class=\"fg-thumb\"><span class=\"fg-image-wrap\"><img decoding=\"async\" height=\"300\" width=\"200\" class=\"skip-lazy fg-image\" data-src-fg=\"https:\/\/iso100-photo.eu\/wp-content\/uploads\/cache\/2025\/08\/7R44801-Bearbeitet-2\/281454344.jpg\" src=\"data:image\/svg+xml,%3Csvg%20xmlns%3D%22http%3A%2F%2Fwww.w3.org%2F2000%2Fsvg%22%20width%3D%22200%22%20height%3D%22300%22%20viewBox%3D%220%200%20200%20300%22%3E%3C%2Fsvg%3E\" loading=\"eager\"><\/span><span class=\"fg-image-overlay\"><\/span><\/a><\/figure><div class=\"fg-loader\"><\/div><\/div><div class=\"fg-item fg-type-image fg-idle\"><figure class=\"fg-item-inner\"><a href=\"https:\/\/iso100-photo.eu\/wp-content\/uploads\/2025\/08\/20250322-Hammarskog-Nebel5-006-scaled.jpg\" data-attachment-id=\"1355\" data-type=\"image\" class=\"fg-thumb\"><span class=\"fg-image-wrap\"><img decoding=\"async\" height=\"300\" width=\"813\" class=\"skip-lazy fg-image\" data-src-fg=\"https:\/\/iso100-photo.eu\/wp-content\/uploads\/cache\/2025\/08\/20250322-Hammarskog-Nebel5-006-scaled\/2964663936.jpg\" src=\"data:image\/svg+xml,%3Csvg%20xmlns%3D%22http%3A%2F%2Fwww.w3.org%2F2000%2Fsvg%22%20width%3D%22813%22%20height%3D%22300%22%20viewBox%3D%220%200%20813%20300%22%3E%3C%2Fsvg%3E\" loading=\"eager\"><\/span><span class=\"fg-image-overlay\"><\/span><\/a><\/figure><div class=\"fg-loader\"><\/div><\/div><\/div>\n<\/div>","protected":false},"excerpt":{"rendered":"<p>morning fog in hammarskog This series presents parts of the Hammarskog nature reserve near Swedish Uppsala in the early morning hours, when fog envelops the landscape in a quiet, almost dreamlike atmosphere. Shapes dissolve, contours fade \u2013 and it is precisely this softness that gives the images their appeal.<\/p>","protected":false},"author":1,"featured_media":0,"parent":0,"menu_order":0,"comment_status":"closed","ping_status":"closed","template":"page-with-title","meta":{"_monsterinsights_skip_tracking":false,"_monsterinsights_sitenote_active":false,"_monsterinsights_sitenote_note":"","_monsterinsights_sitenote_category":0,"footnotes":""},"class_list":["post-953","page","type-page","status-publish","hentry"],"aioseo_notices":[],"_links":{"self":[{"href":"https:\/\/iso100-photo.eu\/sv\/wp-json\/wp\/v2\/pages\/953","targetHints":{"allow":["GET"]}}],"collection":[{"href":"https:\/\/iso100-photo.eu\/sv\/wp-json\/wp\/v2\/pages"}],"about":[{"href":"https:\/\/iso100-photo.eu\/sv\/wp-json\/wp\/v2\/types\/page"}],"author":[{"embeddable":true,"href":"https:\/\/iso100-photo.eu\/sv\/wp-json\/wp\/v2\/users\/1"}],"replies":[{"embeddable":true,"href":"https:\/\/iso100-photo.eu\/sv\/wp-json\/wp\/v2\/comments?post=953"}],"version-history":[{"count":7,"href":"https:\/\/iso100-photo.eu\/sv\/wp-json\/wp\/v2\/pages\/953\/revisions"}],"predecessor-version":[{"id":1339,"href":"https:\/\/iso100-photo.eu\/sv\/wp-json\/wp\/v2\/pages\/953\/revisions\/1339"}],"wp:attachment":[{"href":"https:\/\/iso100-photo.eu\/sv\/wp-json\/wp\/v2\/media?parent=953"}],"curies":[{"name":"wp","href":"https:\/\/api.w.org\/{rel}","templated":true}]}}